{"id":1031,"date":"2018-03-06T15:21:53","date_gmt":"2018-03-06T14:21:53","guid":{"rendered":"https:\/\/www.medicament.com\/blog\/?page_id=1031"},"modified":"2018-03-06T15:40:15","modified_gmt":"2018-03-06T14:40:15","slug":"accueil","status":"publish","type":"page","link":"https:\/\/www.medicament.com\/blog\/","title":{"rendered":"Accueil"},"content":{"rendered":"<p>[et_pb_section bb_built=\u00a0\u00bb1&Prime;][et_pb_row][et_pb_column type=\u00a0\u00bb4_4&Prime;][et_pb_blog _builder_version=\u00a0\u00bb3.0.105&Prime; include_categories=\u00a0\u00bb6,4,42,3&Prime; meta_date=\u00a0\u00bbj M Y\u00a0\u00bb show_content=\u00a0\u00bboff\u00a0\u00bb show_thumbnail=\u00a0\u00bbon\u00a0\u00bb show_more=\u00a0\u00bbon\u00a0\u00bb show_author=\u00a0\u00bboff\u00a0\u00bb show_date=\u00a0\u00bbon\u00a0\u00bb show_categories=\u00a0\u00bbon\u00a0\u00bb show_comments=\u00a0\u00bbon\u00a0\u00bb show_pagination=\u00a0\u00bbon\u00a0\u00bb fullwidth=\u00a0\u00bboff\u00a0\u00bb use_overlay=\u00a0\u00bboff\u00a0\u00bb background_layout=\u00a0\u00bblight\u00a0\u00bb pagination_font_size_tablet=\u00a0\u00bb51&Prime; pagination_line_height_tablet=\u00a0\u00bb2&Prime; posts_number=\u00a0\u00bb20&Prime; \/][\/et_pb_column][\/et_pb_row][\/et_pb_section]<\/p>\n","protected":false},"excerpt":{"rendered":"<p>Grippe saisonni\u00e8re : pr\u00e9vention et recommandations 10 Jan 2020 | Conseils saisonniers | 0 CommentaireSelon l\u2019INPES (Institut national de pr\u00e9vention et d\u2019\u00e9ducation pour la sant\u00e9), 2,5 millions de personnes sont touch\u00e9es chaque ann\u00e9e par la grippe saisonni\u00e8re. La grippe s\u00e9vit g\u00e9n\u00e9ralement le plus \u00e0 partir de fin D\u00e9cembre jusqu&rsquo;\u00e0 F\u00e9vrier. Cette maladie virale&#8230; lire plus [&hellip;]<\/p>\n","protected":false},"author":1,"featured_media":0,"parent":0,"menu_order":0,"comment_status":"closed","ping_status":"closed","template":"","meta":{"_et_pb_use_builder":"on","_et_pb_old_content":"","_et_gb_content_width":""},"yoast_head":"<!-- This site is optimized with the Yoast SEO plugin v16.8 - https:\/\/yoast.com\/wordpress\/plugins\/seo\/ -->\n<title>Accueil<\/title>\n<meta name=\"robots\" content=\"index, follow, max-snippet:-1, max-image-preview:large, max-video-preview:-1\" \/>\n<link rel=\"canonical\" href=\"https:\/\/www.medicament.com\/blog\/\" \/>\n<meta property=\"og:locale\" content=\"fr_FR\" \/>\n<meta property=\"og:type\" content=\"article\" \/>\n<meta property=\"og:title\" content=\"Accueil\" \/>\n<meta property=\"og:description\" content=\"Grippe saisonni\u00e8re : pr\u00e9vention et recommandations 10 Jan 2020 | Conseils saisonniers | 0 CommentaireSelon l\u2019INPES (Institut national de pr\u00e9vention et d\u2019\u00e9ducation pour la sant\u00e9), 2,5 millions de personnes sont touch\u00e9es chaque ann\u00e9e par la grippe saisonni\u00e8re. La grippe s\u00e9vit g\u00e9n\u00e9ralement le plus \u00e0 partir de fin D\u00e9cembre jusqu&#039;\u00e0 F\u00e9vrier. Cette maladie virale... lire plus [&hellip;]\" \/>\n<meta property=\"og:url\" content=\"https:\/\/www.medicament.com\/blog\/\" \/>\n<meta property=\"og:site_name\" content=\"Blog Medicament.com\" \/>\n<meta property=\"article:publisher\" content=\"https:\/\/www.facebook.com\/pages\/Pharmacie-de-Bouafle\/216669335180330\" \/>\n<meta property=\"article:modified_time\" content=\"2018-03-06T14:40:15+00:00\" \/>\n<script type=\"application\/ld+json\" class=\"yoast-schema-graph\">{\"@context\":\"https:\/\/schema.org\",\"@graph\":[{\"@type\":\"WebSite\",\"@id\":\"https:\/\/www.medicament.com\/blog\/#website\",\"url\":\"https:\/\/www.medicament.com\/blog\/\",\"name\":\"Blog Medicament.com\",\"description\":\"Actualit\\u00e9 de la Pharmacie de Bouafle\",\"potentialAction\":[{\"@type\":\"SearchAction\",\"target\":{\"@type\":\"EntryPoint\",\"urlTemplate\":\"https:\/\/www.medicament.com\/blog\/?s={search_term_string}\"},\"query-input\":\"required name=search_term_string\"}],\"inLanguage\":\"fr-FR\"},{\"@type\":\"WebPage\",\"@id\":\"https:\/\/www.medicament.com\/blog\/#webpage\",\"url\":\"https:\/\/www.medicament.com\/blog\/\",\"name\":\"Accueil\",\"isPartOf\":{\"@id\":\"https:\/\/www.medicament.com\/blog\/#website\"},\"datePublished\":\"2018-03-06T14:21:53+00:00\",\"dateModified\":\"2018-03-06T14:40:15+00:00\",\"breadcrumb\":{\"@id\":\"https:\/\/www.medicament.com\/blog\/#breadcrumb\"},\"inLanguage\":\"fr-FR\",\"potentialAction\":[{\"@type\":\"ReadAction\",\"target\":[\"https:\/\/www.medicament.com\/blog\/\"]}]},{\"@type\":\"BreadcrumbList\",\"@id\":\"https:\/\/www.medicament.com\/blog\/#breadcrumb\",\"itemListElement\":[{\"@type\":\"ListItem\",\"position\":1,\"name\":\"Accueil\",\"item\":\"https:\/\/www.medicament.com\/blog\/\"},{\"@type\":\"ListItem\",\"position\":2,\"name\":\"Accueil\"}]}]}<\/script>\n<!-- \/ Yoast SEO plugin. -->","yoast_head_json":{"title":"Accueil","robots":{"index":"index","follow":"follow","max-snippet":"max-snippet:-1","max-image-preview":"max-image-preview:large","max-video-preview":"max-video-preview:-1"},"canonical":"https:\/\/www.medicament.com\/blog\/","og_locale":"fr_FR","og_type":"article","og_title":"Accueil","og_description":"Grippe saisonni\u00e8re : pr\u00e9vention et recommandations 10 Jan 2020 | Conseils saisonniers | 0 CommentaireSelon l\u2019INPES (Institut national de pr\u00e9vention et d\u2019\u00e9ducation pour la sant\u00e9), 2,5 millions de personnes sont touch\u00e9es chaque ann\u00e9e par la grippe saisonni\u00e8re. La grippe s\u00e9vit g\u00e9n\u00e9ralement le plus \u00e0 partir de fin D\u00e9cembre jusqu'\u00e0 F\u00e9vrier. Cette maladie virale... lire plus [&hellip;]","og_url":"https:\/\/www.medicament.com\/blog\/","og_site_name":"Blog Medicament.com","article_publisher":"https:\/\/www.facebook.com\/pages\/Pharmacie-de-Bouafle\/216669335180330","article_modified_time":"2018-03-06T14:40:15+00:00","schema":{"@context":"https:\/\/schema.org","@graph":[{"@type":"WebSite","@id":"https:\/\/www.medicament.com\/blog\/#website","url":"https:\/\/www.medicament.com\/blog\/","name":"Blog Medicament.com","description":"Actualit\u00e9 de la Pharmacie de Bouafle","potentialAction":[{"@type":"SearchAction","target":{"@type":"EntryPoint","urlTemplate":"https:\/\/www.medicament.com\/blog\/?s={search_term_string}"},"query-input":"required name=search_term_string"}],"inLanguage":"fr-FR"},{"@type":"WebPage","@id":"https:\/\/www.medicament.com\/blog\/#webpage","url":"https:\/\/www.medicament.com\/blog\/","name":"Accueil","isPartOf":{"@id":"https:\/\/www.medicament.com\/blog\/#website"},"datePublished":"2018-03-06T14:21:53+00:00","dateModified":"2018-03-06T14:40:15+00:00","breadcrumb":{"@id":"https:\/\/www.medicament.com\/blog\/#breadcrumb"},"inLanguage":"fr-FR","potentialAction":[{"@type":"ReadAction","target":["https:\/\/www.medicament.com\/blog\/"]}]},{"@type":"BreadcrumbList","@id":"https:\/\/www.medicament.com\/blog\/#breadcrumb","itemListElement":[{"@type":"ListItem","position":1,"name":"Accueil","item":"https:\/\/www.medicament.com\/blog\/"},{"@type":"ListItem","position":2,"name":"Accueil"}]}]}},"_links":{"self":[{"href":"https:\/\/www.medicament.com\/blog\/wp-json\/wp\/v2\/pages\/1031"}],"collection":[{"href":"https:\/\/www.medicament.com\/blog\/wp-json\/wp\/v2\/pages"}],"about":[{"href":"https:\/\/www.medicament.com\/blog\/wp-json\/wp\/v2\/types\/page"}],"author":[{"embeddable":true,"href":"https:\/\/www.medicament.com\/blog\/wp-json\/wp\/v2\/users\/1"}],"replies":[{"embeddable":true,"href":"https:\/\/www.medicament.com\/blog\/wp-json\/wp\/v2\/comments?post=1031"}],"version-history":[{"count":5,"href":"https:\/\/www.medicament.com\/blog\/wp-json\/wp\/v2\/pages\/1031\/revisions"}],"predecessor-version":[{"id":1036,"href":"https:\/\/www.medicament.com\/blog\/wp-json\/wp\/v2\/pages\/1031\/revisions\/1036"}],"wp:attachment":[{"href":"https:\/\/www.medicament.com\/blog\/wp-json\/wp\/v2\/media?parent=1031"}],"curies":[{"name":"wp","href":"https:\/\/api.w.org\/{rel}","templated":true}]}}